{"id":189,"date":"2025-10-05T15:41:43","date_gmt":"2025-10-05T13:41:43","guid":{"rendered":"https:\/\/www.beiderkirche.fr\/?page_id=189"},"modified":"2025-10-05T21:23:46","modified_gmt":"2025-10-05T19:23:46","slug":"les-incontournables","status":"publish","type":"page","link":"https:\/\/www.beiderkirche.fr\/index.php\/les-incontournables\/","title":{"rendered":"Lieux incontournables"},"content":{"rendered":"<p data-start=\"287\" data-end=\"513\">L\u2019Alsace regorge de lieux extraordinaires m\u00ealant nature, patrimoine, culture, gastronomie et paysages. Voici une s\u00e9lection des sites \u00e0 ne pas manquer, class\u00e9s par zone g\u00e9ographique.<\/p>\n<hr data-start=\"515\" data-end=\"518\" \/>\n<h3 data-start=\"520\" data-end=\"545\">1. La Plaine d\u2019Alsace<\/h3>\n<ul data-start=\"547\" data-end=\"1378\">\n<li data-start=\"547\" data-end=\"715\">\n<p data-start=\"549\" data-end=\"715\"><strong data-start=\"549\" data-end=\"583\">\u00c9comus\u00e9e d\u2019Alsace (Ungersheim)<\/strong> : mus\u00e9e vivant retra\u00e7ant la vie traditionnelle, avec reconstitutions, ateliers, animations.<\/p>\n<\/li>\n<li data-start=\"716\" data-end=\"869\">\n<p data-start=\"718\" data-end=\"869\"><strong data-start=\"718\" data-end=\"755\">Parc du Petit Prince (Ungersheim)<\/strong> : parc \u00e0 th\u00e8me familial inspir\u00e9 du c\u00e9l\u00e8bre livre, id\u00e9al avec des enfants.<\/p>\n<\/li>\n<li data-start=\"870\" data-end=\"1013\">\n<p data-start=\"872\" data-end=\"1013\"><strong data-start=\"872\" data-end=\"888\">Neuf\u2011Brisach<\/strong> : cit\u00e9 fortifi\u00e9e, patrimoine Vauban, jolie architecture militaire et plan en \u00e9toile.<\/p>\n<\/li>\n<li data-start=\"1014\" data-end=\"1148\">\n<p data-start=\"1016\" data-end=\"1148\"><strong data-start=\"1016\" data-end=\"1028\">S\u00e9lestat<\/strong> : ville riche en patrimoine, avec sa Biblioth\u00e8que humaniste, centre historique.<\/p>\n<\/li>\n<li data-start=\"1149\" data-end=\"1257\">\n<p data-start=\"1151\" data-end=\"1257\"><strong data-start=\"1151\" data-end=\"1176\">Mus\u00e9e W\u00fcrth (Erstein)<\/strong> : collection d\u2019art moderne\/contemporain.<\/p>\n<\/li>\n<li data-start=\"1258\" data-end=\"1378\">\n<p data-start=\"1260\" data-end=\"1378\"><strong data-start=\"1260\" data-end=\"1275\">Europa\u2011Park<\/strong> (pr\u00e8s de la fronti\u00e8re allemande) : parc d\u2019attractions renomm\u00e9.<\/p>\n<\/li>\n<\/ul>\n<hr data-start=\"1380\" data-end=\"1383\" \/>\n<h3 data-start=\"1385\" data-end=\"1424\">2. Le Massif des Vosges &amp; Montagnes<\/h3>\n<ul data-start=\"1426\" data-end=\"2043\">\n<li data-start=\"1426\" data-end=\"1546\">\n<p data-start=\"1428\" data-end=\"1546\"><strong data-start=\"1428\" data-end=\"1447\">Le Grand Ballon<\/strong> : point culminant des Vosges, beaux panoramas, randonn\u00e9es.<\/p>\n<\/li>\n<li data-start=\"1547\" data-end=\"1674\">\n<p data-start=\"1549\" data-end=\"1674\"><strong data-start=\"1549\" data-end=\"1562\">Lac Blanc<\/strong> : lac de montagne, id\u00e9al pour les promenades, la nature, les panoramas.<\/p>\n<\/li>\n<li data-start=\"1675\" data-end=\"1817\">\n<p data-start=\"1677\" data-end=\"1817\"><strong data-start=\"1677\" data-end=\"1700\">Hartmannswillerkopf<\/strong> : site de m\u00e9moire, nature et histoire autour de la Premi\u00e8re guerre mondiale.<\/p>\n<\/li>\n<li data-start=\"1818\" data-end=\"1928\">\n<p data-start=\"1820\" data-end=\"1928\"><strong data-start=\"1820\" data-end=\"1829\">Donon<\/strong> : montagne sacr\u00e9e, beaux points de vue et parcours nature.<\/p>\n<\/li>\n<li data-start=\"1929\" data-end=\"2043\">\n<p data-start=\"1931\" data-end=\"2043\"><strong data-start=\"1931\" data-end=\"1982\">Struthof \/ Centre Europ\u00e9en du R\u00e9sistant\u2011D\u00e9port\u00e9<\/strong> : lieu de m\u00e9moire.<\/p>\n<\/li>\n<\/ul>\n<hr data-start=\"2045\" data-end=\"2048\" \/>\n<h3 data-start=\"2050\" data-end=\"2087\">3. Villes &amp; Patrimoine historique<\/h3>\n<ul data-start=\"2089\" data-end=\"2595\">\n<li data-start=\"2089\" data-end=\"2270\">\n<p data-start=\"2091\" data-end=\"2270\"><strong data-start=\"2091\" data-end=\"2105\">Strasbourg<\/strong><br data-start=\"2105\" data-end=\"2108\" \/>Cathedrale Notre\u2011Dame, quartier de la Petite France, les Ponts Couverts, le Barrage Vauban, le Parlement Europ\u00e9en, etc.<\/p>\n<\/li>\n<li data-start=\"2272\" data-end=\"2408\">\n<p data-start=\"2274\" data-end=\"2408\"><strong data-start=\"2274\" data-end=\"2284\">Colmar<\/strong><br data-start=\"2284\" data-end=\"2287\" \/>Petite Venise, maisons \u00e0 colombages, mus\u00e9es (comme le mus\u00e9e Unterlinden), etc.<\/p>\n<\/li>\n<li data-start=\"2410\" data-end=\"2595\">\n<p data-start=\"2412\" data-end=\"2595\"><strong data-start=\"2412\" data-end=\"2424\">Mulhouse<\/strong><br data-start=\"2424\" data-end=\"2427\" \/>Mus\u00e9es techniques (Mus\u00e9e National de l\u2019Automobile, Cit\u00e9 du Train, mus\u00e9e de l\u2019impression sur \u00e9toffes), patrimoine industriel.<\/p>\n<\/li>\n<\/ul>\n<hr data-start=\"2597\" data-end=\"2600\" \/>\n<h3 data-start=\"2602\" data-end=\"2644\">4. Villages viticoles &amp; Route des Vins<\/h3>\n<ul data-start=\"2646\" data-end=\"2952\">\n<li data-start=\"2646\" data-end=\"2826\">\n<p data-start=\"2648\" data-end=\"2826\"><strong data-start=\"2648\" data-end=\"2708\">Riquewihr, Kaysersberg, Eguisheim, Ribeauvill\u00e9, Hunawihr<\/strong> etc. : villages tr\u00e8s pittoresques, architecture traditionnelle, vignes, etc.<\/p>\n<\/li>\n<li data-start=\"2827\" data-end=\"2952\">\n<p data-start=\"2829\" data-end=\"2952\"><strong data-start=\"2829\" data-end=\"2850\">Mont Sainte\u2011Odile<\/strong> : promontoire avec monast\u00e8re, panorama, p\u00e8lerinage, nature.<\/p>\n<\/li>\n<\/ul>\n<hr data-start=\"2954\" data-end=\"2957\" \/>\n<h3 data-start=\"2959\" data-end=\"2988\">5. Id\u00e9es nature &amp; d\u00e9tente<\/h3>\n<ul data-start=\"2990\" data-end=\"3308\">\n<li data-start=\"2990\" data-end=\"3092\">\n<p data-start=\"2992\" data-end=\"3092\">Balades dans les for\u00eats des Vosges, d\u00e9couverte des cr\u00eates.<\/p>\n<\/li>\n<li data-start=\"3093\" data-end=\"3236\">\n<p data-start=\"3095\" data-end=\"3236\">Visites de jardins, parcs zoologiques ou botaniques (ex : parc zoologique et botanique de Mulhouse).<\/p>\n<\/li>\n<li data-start=\"3237\" data-end=\"3308\">\n<p data-start=\"3239\" data-end=\"3308\">Moments de d\u00e9tente autour des lacs ou sommets, pour un bol d\u2019air pur.<\/p>\n<\/li>\n<\/ul>\n<hr data-start=\"3310\" data-end=\"3313\" \/>\n<h3 data-start=\"3315\" data-end=\"3355\">6. Conseils &amp; informations pratiques<\/h3>\n<ul data-start=\"3357\" data-end=\"3792\">\n<li data-start=\"3357\" data-end=\"3478\">\n<p data-start=\"3359\" data-end=\"3478\"><strong data-start=\"3359\" data-end=\"3374\">Pass\u2019Alsace<\/strong> : permet d\u2019acc\u00e9der \u00e0 de nombreux sites \u00e0 un tarif avantageux.<\/p>\n<\/li>\n<li data-start=\"3479\" data-end=\"3588\">\n<p data-start=\"3481\" data-end=\"3588\">Pense \u00e0 v\u00e9rifier les horaires, jours de fermeture des mus\u00e9es ou ch\u00e2teaux (certains sont ferm\u00e9s le lundi).<\/p>\n<\/li>\n<li data-start=\"3589\" data-end=\"3698\">\n<p data-start=\"3591\" data-end=\"3698\">En fonction de la saison, certains sites en montagne ou en altitude peuvent \u00eatre plus difficiles d\u2019acc\u00e8s.<\/p>\n<\/li>\n<\/ul>\n\n\n<div class=\"wp-block-buttons is-content-justification-center is-layout-flex wp-container-core-buttons-is-layout-16018d1d wp-block-buttons-is-layout-flex\">\n<div class=\"wp-block-button\"><a class=\"wp-block-button__link wp-element-button\" href=\"https:\/\/www.visit.alsace\/\">visit.alsace<\/a><\/div>\n<\/div>\n\n\n\n<p><\/p>\n","protected":false},"excerpt":{"rendered":"<p>L\u2019Alsace regorge de lieux extraordinaires m\u00ealant nature, patrimoine, culture, gastronomie et paysages. Voici une s\u00e9lection des sites \u00e0 ne pas manquer, class\u00e9s par zone g\u00e9ographique. 1. La Plaine d\u2019Alsace \u00c9comus\u00e9e d\u2019Alsace (Ungersheim) : mus\u00e9e vivant retra\u00e7ant la vie traditionnelle, avec reconstitutions, ateliers, animations. Parc du Petit Prince (Ungersheim) : parc \u00e0 th\u00e8me familial inspir\u00e9 du &hellip; <\/p>\n<p class=\"link-more\"><a href=\"https:\/\/www.beiderkirche.fr\/index.php\/les-incontournables\/\" class=\"more-link\">Continuer la lecture<span class=\"screen-reader-text\"> de &laquo;&nbsp;Lieux incontournables&nbsp;&raquo;<\/span><\/a><\/p>\n","protected":false},"author":1,"featured_media":209,"parent":0,"menu_order":0,"comment_status":"closed","ping_status":"closed","template":"","meta":{"footnotes":""},"class_list":["post-189","page","type-page","status-publish","has-post-thumbnail","hentry"],"_links":{"self":[{"href":"https:\/\/www.beiderkirche.fr\/index.php\/wp-json\/wp\/v2\/pages\/189","targetHints":{"allow":["GET"]}}],"collection":[{"href":"https:\/\/www.beiderkirche.fr\/index.php\/wp-json\/wp\/v2\/pages"}],"about":[{"href":"https:\/\/www.beiderkirche.fr\/index.php\/wp-json\/wp\/v2\/types\/page"}],"author":[{"embeddable":true,"href":"https:\/\/www.beiderkirche.fr\/index.php\/wp-json\/wp\/v2\/users\/1"}],"replies":[{"embeddable":true,"href":"https:\/\/www.beiderkirche.fr\/index.php\/wp-json\/wp\/v2\/comments?post=189"}],"version-history":[{"count":9,"href":"https:\/\/www.beiderkirche.fr\/index.php\/wp-json\/wp\/v2\/pages\/189\/revisions"}],"predecessor-version":[{"id":237,"href":"https:\/\/www.beiderkirche.fr\/index.php\/wp-json\/wp\/v2\/pages\/189\/revisions\/237"}],"wp:featuredmedia":[{"embeddable":true,"href":"https:\/\/www.beiderkirche.fr\/index.php\/wp-json\/wp\/v2\/media\/209"}],"wp:attachment":[{"href":"https:\/\/www.beiderkirche.fr\/index.php\/wp-json\/wp\/v2\/media?parent=189"}],"curies":[{"name":"wp","href":"https:\/\/api.w.org\/{rel}","templated":true}]}}