{"id":157,"date":"2025-10-05T11:59:15","date_gmt":"2025-10-05T09:59:15","guid":{"rendered":"https:\/\/www.beiderkirche.fr\/?page_id=157"},"modified":"2025-10-05T21:13:30","modified_gmt":"2025-10-05T19:13:30","slug":"les-marches-de-noel-2025-en-alsace","status":"publish","type":"page","link":"https:\/\/www.beiderkirche.fr\/index.php\/les-marches-de-noel-2025-en-alsace\/","title":{"rendered":"March\u00e9s de No\u00ebl 2025 en Alsace"},"content":{"rendered":"\n<p><\/p>\n\n\n\n<p><strong>Venez vivre la magie de No\u00ebl en Alsace en 2025 !<\/strong><\/p>\n\n\n\n<p>L&rsquo;Alsace, terre de traditions et de f\u00e9erie, se transforme chaque ann\u00e9e en un v\u00e9ritable \u00e9crin de No\u00ebl. En 2025, les march\u00e9s de No\u00ebl d&rsquo;Alsace vous invitent \u00e0 plonger dans un univers enchant\u00e9, o\u00f9 les ruelles pav\u00e9es s&rsquo;illuminent de mille feux et o\u00f9 les senteurs \u00e9pic\u00e9es de vin chaud, de pains d&rsquo;\u00e9pices et de bredele vous emportent dans l&rsquo;esprit des f\u00eates. Profitez d&rsquo;un s\u00e9jour inoubliable dans le g\u00eete Bei der Kirche **** \u00e0 Mundolsheim, id\u00e9alement situ\u00e9 au c\u0153ur de cette r\u00e9gion magique.<\/p>\n\n\n\n<div style=\"height:20px\" aria-hidden=\"true\" class=\"wp-block-spacer\"><\/div>\n\n\n\n<p><strong>Un No\u00ebl authentique au c\u0153ur de l&rsquo;Alsace<\/strong><\/p>\n\n\n\n<p>Le g\u00eete Bei der Kirche **** vous offre un cadre idyllique pour d\u00e9couvrir les c\u00e9l\u00e8bres march\u00e9s de No\u00ebl de la r\u00e9gion. Situ\u00e9 \u00e0 proximit\u00e9 des plus beaux villages et villes alsaciennes, comme Strasbourg, Colmar, Kaysersberg ou Riquewihr, il constitue le point de d\u00e9part id\u00e9al pour explorer ces lieux o\u00f9 la magie op\u00e8re d\u00e8s le mois de novembre.<\/p>\n\n\n\n<p>Chaque march\u00e9 de No\u00ebl d&rsquo;Alsace a sa propre identit\u00e9, mais tous partagent une atmosph\u00e8re chaleureuse et conviviale. Promenez-vous parmi les chalets en bois d\u00e9cor\u00e9s, d\u00e9nichez des objets artisanaux, savourez des sp\u00e9cialit\u00e9s locales et laissez-vous envo\u00fbter par les concerts de No\u00ebl et les animations f\u00e9eriques qui rythment ces \u00e9v\u00e9nements. En 2025, le march\u00e9 de No\u00ebl de Strasbourg c\u00e9l\u00e9brera ses 450 ans d&rsquo;existence, un moment unique \u00e0 ne pas manquer !<\/p>\n\n\n\n<div style=\"height:20px\" aria-hidden=\"true\" class=\"wp-block-spacer\"><\/div>\n\n\n\n<p><strong>Le g\u00eete Bei der Kirche **** , votre refuge en pleine magie de No\u00ebl<\/strong><\/p>\n\n\n\n<p>Apr\u00e8s une journ\u00e9e de d\u00e9couvertes, rien de tel que de revenir dans votre g\u00eete, un v\u00e9ritable havre de paix. Vous y trouverez tout le confort n\u00e9cessaire pour vous d\u00e9tendre et profiter pleinement de vos vacances : boiseries, d\u00e9coration chaleureuse, literie de qualit\u00e9 et un cadre typiquement alsacien. Nous avons \u00e0 c\u0153ur de vous offrir un s\u00e9jour au plus pr\u00e8s des traditions locales, tout en vous apportant une exp\u00e9rience moderne et confortable.<\/p>\n\n\n\n<p>De plus, en s\u00e9journant dans notre r\u00e9gion historique, vous aurez l&rsquo;occasion de d\u00e9couvrir les sp\u00e9cialit\u00e9s culinaires alsaciennes, que ce soit \u00e0 travers des repas pr\u00e9par\u00e9s avec soin dans les winstubs traditionnelles, ou en visitant les march\u00e9s o\u00f9 le vin chaud, les fromages locaux et les p\u00e2tisseries de No\u00ebl se m\u00ealent aux parfums d&rsquo;\u00e9pices.<\/p>\n\n\n\n<div style=\"height:20px\" aria-hidden=\"true\" class=\"wp-block-spacer\"><\/div>\n\n\n\n<p><strong>Venez cr\u00e9er des souvenirs inoubliables<\/strong><\/p>\n\n\n\n<p>Les march\u00e9s de No\u00ebl 2025 en Alsace vous attendent pour vivre une exp\u00e9rience magique, entour\u00e9e de vos proches. R\u00e9servez d\u00e8s maintenant votre s\u00e9jour dans le g\u00eete Bei der Kirche **** \u00e0 Mundolsheim, pour plonger dans l\u2019univers f\u00e9\u00e9rique de No\u00ebl, entre tradition et d\u00e9couverte.<\/p>\n\n\n\n<p>Que vous soyez passionn\u00e9 d&rsquo;artisanat, amateur de gastronomie ou tout simplement en qu\u00eate de moments de convivialit\u00e9, l&rsquo;Alsace vous promet un No\u00ebl inoubliable. Et votre g\u00eete, lui, deviendra votre cocon pour des souvenirs que vous ch\u00e9rirez longtemps apr\u00e8s les f\u00eates.<\/p>\n\n\n\n<div style=\"height:20px\" aria-hidden=\"true\" class=\"wp-block-spacer\"><\/div>\n\n\n\n<hr class=\"wp-block-separator aligncenter has-alpha-channel-opacity\"\/>\n\n\n\n<div class=\"wp-block-buttons is-content-justification-center is-layout-flex wp-container-core-buttons-is-layout-16018d1d wp-block-buttons-is-layout-flex\">\n<div class=\"wp-block-button\"><a class=\"wp-block-button__link wp-element-button\" href=\"https:\/\/noel.strasbourg.eu\/\">Le march\u00e9 de No\u00ebl de Strasbourg<\/a><\/div>\n\n\n\n<div class=\"wp-block-button\"><a class=\"wp-block-button__link wp-element-button\" href=\"https:\/\/www.noel.alsace\/\">No\u00ebl en Alsace<\/a><\/div>\n<\/div>\n\n\n\n<p><\/p>\n","protected":false},"excerpt":{"rendered":"<p>Venez vivre la magie de No\u00ebl en Alsace en 2025 ! L&rsquo;Alsace, terre de traditions et de f\u00e9erie, se transforme chaque ann\u00e9e en un v\u00e9ritable \u00e9crin de No\u00ebl. En 2025, les march\u00e9s de No\u00ebl d&rsquo;Alsace vous invitent \u00e0 plonger dans un univers enchant\u00e9, o\u00f9 les ruelles pav\u00e9es s&rsquo;illuminent de mille feux et o\u00f9 les senteurs &hellip; <\/p>\n<p class=\"link-more\"><a href=\"https:\/\/www.beiderkirche.fr\/index.php\/les-marches-de-noel-2025-en-alsace\/\" class=\"more-link\">Continuer la lecture<span class=\"screen-reader-text\"> de &laquo;&nbsp;March\u00e9s de No\u00ebl 2025 en Alsace&nbsp;&raquo;<\/span><\/a><\/p>\n","protected":false},"author":1,"featured_media":181,"parent":0,"menu_order":0,"comment_status":"closed","ping_status":"closed","template":"","meta":{"footnotes":""},"class_list":["post-157","page","type-page","status-publish","has-post-thumbnail","hentry"],"_links":{"self":[{"href":"https:\/\/www.beiderkirche.fr\/index.php\/wp-json\/wp\/v2\/pages\/157","targetHints":{"allow":["GET"]}}],"collection":[{"href":"https:\/\/www.beiderkirche.fr\/index.php\/wp-json\/wp\/v2\/pages"}],"about":[{"href":"https:\/\/www.beiderkirche.fr\/index.php\/wp-json\/wp\/v2\/types\/page"}],"author":[{"embeddable":true,"href":"https:\/\/www.beiderkirche.fr\/index.php\/wp-json\/wp\/v2\/users\/1"}],"replies":[{"embeddable":true,"href":"https:\/\/www.beiderkirche.fr\/index.php\/wp-json\/wp\/v2\/comments?post=157"}],"version-history":[{"count":24,"href":"https:\/\/www.beiderkirche.fr\/index.php\/wp-json\/wp\/v2\/pages\/157\/revisions"}],"predecessor-version":[{"id":236,"href":"https:\/\/www.beiderkirche.fr\/index.php\/wp-json\/wp\/v2\/pages\/157\/revisions\/236"}],"wp:featuredmedia":[{"embeddable":true,"href":"https:\/\/www.beiderkirche.fr\/index.php\/wp-json\/wp\/v2\/media\/181"}],"wp:attachment":[{"href":"https:\/\/www.beiderkirche.fr\/index.php\/wp-json\/wp\/v2\/media?parent=157"}],"curies":[{"name":"wp","href":"https:\/\/api.w.org\/{rel}","templated":true}]}}