{"id":15,"date":"2025-08-31T13:28:47","date_gmt":"2025-08-31T13:28:47","guid":{"rendered":"https:\/\/www.beiderkirche.fr\/?page_id=15"},"modified":"2025-10-05T19:02:07","modified_gmt":"2025-10-05T17:02:07","slug":"a-propos-de","status":"publish","type":"page","link":"https:\/\/www.beiderkirche.fr\/index.php\/a-propos-de\/","title":{"rendered":"R\u00e9server"},"content":{"rendered":"\n<p>Les r\u00e9servations se font directement aupr\u00e8s des propri\u00e9taires,<\/p>\n\n\n\n<p>par <a href=\"https:\/\/www.gites-67.alsace\/fr\/location\/locations-gites-mundolsheim-bei-der-kirche-h67g013617?capacity=1\">le site internet des G\u00eetes de France\u00ae<\/a> du Bas-Rhin, ou leur accueil t\u00e9l\u00e9phonique d\u00e9di\u00e9 +33 (0)3 88 75 56 50.<\/p>\n\n\n\n<div class=\"wp-block-buttons is-content-justification-center is-layout-flex wp-container-core-buttons-is-layout-16018d1d wp-block-buttons-is-layout-flex\">\n<div class=\"wp-block-button\"><a class=\"wp-block-button__link wp-element-button\" href=\"https:\/\/www.gites-de-france.com\/fr\/grand-est\/bas-rhin\/bei-der-kirche-h67g013617\">Disponibilit\u00e9s<\/a><\/div>\n<\/div>\n\n\n\n<p><\/p>\n","protected":false},"excerpt":{"rendered":"<p>Les r\u00e9servations se font directement aupr\u00e8s des propri\u00e9taires, par le site internet des G\u00eetes de France\u00ae du Bas-Rhin, ou leur accueil t\u00e9l\u00e9phonique d\u00e9di\u00e9 +33 (0)3 88 75 56 50.<\/p>\n","protected":false},"author":1,"featured_media":70,"parent":0,"menu_order":0,"comment_status":"closed","ping_status":"closed","template":"","meta":{"footnotes":""},"class_list":["post-15","page","type-page","status-publish","has-post-thumbnail","hentry"],"_links":{"self":[{"href":"https:\/\/www.beiderkirche.fr\/index.php\/wp-json\/wp\/v2\/pages\/15","targetHints":{"allow":["GET"]}}],"collection":[{"href":"https:\/\/www.beiderkirche.fr\/index.php\/wp-json\/wp\/v2\/pages"}],"about":[{"href":"https:\/\/www.beiderkirche.fr\/index.php\/wp-json\/wp\/v2\/types\/page"}],"author":[{"embeddable":true,"href":"https:\/\/www.beiderkirche.fr\/index.php\/wp-json\/wp\/v2\/users\/1"}],"replies":[{"embeddable":true,"href":"https:\/\/www.beiderkirche.fr\/index.php\/wp-json\/wp\/v2\/comments?post=15"}],"version-history":[{"count":11,"href":"https:\/\/www.beiderkirche.fr\/index.php\/wp-json\/wp\/v2\/pages\/15\/revisions"}],"predecessor-version":[{"id":233,"href":"https:\/\/www.beiderkirche.fr\/index.php\/wp-json\/wp\/v2\/pages\/15\/revisions\/233"}],"wp:featuredmedia":[{"embeddable":true,"href":"https:\/\/www.beiderkirche.fr\/index.php\/wp-json\/wp\/v2\/media\/70"}],"wp:attachment":[{"href":"https:\/\/www.beiderkirche.fr\/index.php\/wp-json\/wp\/v2\/media?parent=15"}],"curies":[{"name":"wp","href":"https:\/\/api.w.org\/{rel}","templated":true}]}}