{"id":14,"date":"2025-08-31T13:28:47","date_gmt":"2025-08-31T13:28:47","guid":{"rendered":"https:\/\/www.beiderkirche.fr\/?page_id=14"},"modified":"2025-10-05T14:18:05","modified_gmt":"2025-10-05T12:18:05","slug":"accueil","status":"publish","type":"page","link":"https:\/\/www.beiderkirche.fr\/","title":{"rendered":"Accueil"},"content":{"rendered":"\n<p><\/p>\n\n\n\n<p>Le&nbsp;g\u00eete Bei der Kirche **** est un h\u00e9bergement de vacances familial, class\u00e9 4*, et labellis\u00e9 par les G\u00eetes de France<strong>\u00ae<\/strong>.<\/p>\n\n\n\n<p>C&rsquo;est un logement de charme en duplex, au 1er et 2e \u00e9tage d&rsquo;une maison alsacienne traditionnelle restaur\u00e9e, et datant de 1816.<\/p>\n\n\n\n<p>Il est situ\u00e9 dans le village alsacien de Mundolsheim, \u00e0 8 km de Strasbourg  (10 minutes en voiture).<\/p>\n\n\n\n<p><\/p>\n","protected":false},"excerpt":{"rendered":"<p>Le&nbsp;g\u00eete Bei der Kirche **** est un h\u00e9bergement de vacances familial, class\u00e9 4*, et labellis\u00e9 par les G\u00eetes de France\u00ae. C&rsquo;est un logement de charme en duplex, au 1er et 2e \u00e9tage d&rsquo;une maison alsacienne traditionnelle restaur\u00e9e, et datant de 1816. Il est situ\u00e9 dans le village alsacien de Mundolsheim, \u00e0 8 km de Strasbourg &hellip; <\/p>\n<p class=\"link-more\"><a href=\"https:\/\/www.beiderkirche.fr\/\" class=\"more-link\">Continuer la lecture<span class=\"screen-reader-text\"> de &laquo;&nbsp;Accueil&nbsp;&raquo;<\/span><\/a><\/p>\n","protected":false},"author":1,"featured_media":104,"parent":0,"menu_order":0,"comment_status":"closed","ping_status":"closed","template":"","meta":{"footnotes":""},"class_list":["post-14","page","type-page","status-publish","has-post-thumbnail","hentry"],"_links":{"self":[{"href":"https:\/\/www.beiderkirche.fr\/index.php\/wp-json\/wp\/v2\/pages\/14","targetHints":{"allow":["GET"]}}],"collection":[{"href":"https:\/\/www.beiderkirche.fr\/index.php\/wp-json\/wp\/v2\/pages"}],"about":[{"href":"https:\/\/www.beiderkirche.fr\/index.php\/wp-json\/wp\/v2\/types\/page"}],"author":[{"embeddable":true,"href":"https:\/\/www.beiderkirche.fr\/index.php\/wp-json\/wp\/v2\/users\/1"}],"replies":[{"embeddable":true,"href":"https:\/\/www.beiderkirche.fr\/index.php\/wp-json\/wp\/v2\/comments?post=14"}],"version-history":[{"count":13,"href":"https:\/\/www.beiderkirche.fr\/index.php\/wp-json\/wp\/v2\/pages\/14\/revisions"}],"predecessor-version":[{"id":172,"href":"https:\/\/www.beiderkirche.fr\/index.php\/wp-json\/wp\/v2\/pages\/14\/revisions\/172"}],"wp:featuredmedia":[{"embeddable":true,"href":"https:\/\/www.beiderkirche.fr\/index.php\/wp-json\/wp\/v2\/media\/104"}],"wp:attachment":[{"href":"https:\/\/www.beiderkirche.fr\/index.php\/wp-json\/wp\/v2\/media?parent=14"}],"curies":[{"name":"wp","href":"https:\/\/api.w.org\/{rel}","templated":true}]}}